{"id":258,"date":"2022-06-24T15:23:49","date_gmt":"2022-06-24T08:23:49","guid":{"rendered":"http:\/\/missaodai.net\/?page_id=258"},"modified":"2024-08-08T15:10:50","modified_gmt":"2024-08-08T08:10:50","slug":"lien-he","status":"publish","type":"page","link":"https:\/\/missaodai.net\/?page_id=258","title":{"rendered":"Li\u00ean h\u1ec7"},"content":{"rendered":"\t\t<div data-elementor-type=\"wp-page\" data-elementor-id=\"258\" class=\"elementor elementor-258\" data-elementor-post-type=\"page\">\n\t\t\t\t\t\t<section class=\"elementor-section elementor-top-section elementor-element elementor-element-8f9072f elementor-section-boxed elementor-section-height-default elementor-section-height-default\" data-id=\"8f9072f\" data-element_type=\"section\" data-settings=\"{&quot;background_background&quot;:&quot;classic&quot;}\">\n\t\t\t\t\t\t\t<div class=\"elementor-background-overlay\"><\/div>\n\t\t\t\t\t\t\t<div class=\"elementor-container elementor-column-gap-default\">\n\t\t\t\t\t<div class=\"elementor-column elementor-col-100 elementor-top-column elementor-element elementor-element-dd94b5f\" data-id=\"dd94b5f\" data-element_type=\"column\">\n\t\t\t<div class=\"elementor-widget-wrap elementor-element-populated\">\n\t\t\t\t\t\t<div class=\"elementor-element elementor-element-dac7f03 elementor-widget elementor-widget-heading\" data-id=\"dac7f03\" data-element_type=\"widget\" data-widget_type=\"heading.default\">\n\t\t\t\t<div class=\"elementor-widget-container\">\n\t\t\t\t\t<h2 class=\"elementor-heading-title elementor-size-default\">Li\u00ean h\u1ec7<\/h2>\t\t\t\t<\/div>\n\t\t\t\t<\/div>\n\t\t\t\t\t<\/div>\n\t\t<\/div>\n\t\t\t\t\t<\/div>\n\t\t<\/section>\n\t\t\t\t<section class=\"elementor-section elementor-top-section elementor-element elementor-element-5f524b7 elementor-section-boxed elementor-section-height-default elementor-section-height-default\" data-id=\"5f524b7\" data-element_type=\"section\">\n\t\t\t\t\t\t<div class=\"elementor-container elementor-column-gap-default\">\n\t\t\t\t\t<div class=\"elementor-column elementor-col-50 elementor-top-column elementor-element elementor-element-30704db\" data-id=\"30704db\" data-element_type=\"column\" data-settings=\"{&quot;background_background&quot;:&quot;classic&quot;}\">\n\t\t\t<div class=\"elementor-widget-wrap elementor-element-populated\">\n\t\t\t\t\t\t<div class=\"elementor-element elementor-element-95fe0a2 elementor-widget elementor-widget-google_maps\" data-id=\"95fe0a2\" data-element_type=\"widget\" data-widget_type=\"google_maps.default\">\n\t\t\t\t<div class=\"elementor-widget-container\">\n\t\t\t\t\t\t\t<div class=\"elementor-custom-embed\">\n\t\t\t<iframe loading=\"lazy\"\n\t\t\t\t\tsrc=\"https:\/\/maps.google.com\/maps?q=778%2F11%20Nguy%E1%BB%85n%20Ki%E1%BB%87m%2C%20Ph%C6%B0%E1%BB%9Dng%203%2C%20Ph%C3%BA%20Nhu%E1%BA%ADn%2C%20Th%C3%A0nh%20ph%E1%BB%91%20H%E1%BB%93%20Ch%C3%AD%20Minh%20700000&#038;t=m&#038;z=10&#038;output=embed&#038;iwloc=near\"\n\t\t\t\t\ttitle=\"778\/11 Nguy\u1ec5n Ki\u1ec7m, Ph\u01b0\u1eddng 3, Ph\u00fa Nhu\u1eadn, Th\u00e0nh ph\u1ed1 H\u1ed3 Ch\u00ed Minh 700000\"\n\t\t\t\t\taria-label=\"778\/11 Nguy\u1ec5n Ki\u1ec7m, Ph\u01b0\u1eddng 3, Ph\u00fa Nhu\u1eadn, Th\u00e0nh ph\u1ed1 H\u1ed3 Ch\u00ed Minh 700000\"\n\t\t\t><\/iframe>\n\t\t<\/div>\n\t\t\t\t\t\t<\/div>\n\t\t\t\t<\/div>\n\t\t\t\t\t<\/div>\n\t\t<\/div>\n\t\t\t\t<div class=\"elementor-column elementor-col-50 elementor-top-column elementor-element elementor-element-6da9b20\" data-id=\"6da9b20\" data-element_type=\"column\" data-settings=\"{&quot;background_background&quot;:&quot;classic&quot;}\">\n\t\t\t<div class=\"elementor-widget-wrap elementor-element-populated\">\n\t\t\t\t\t\t<div class=\"elementor-element elementor-element-a3d9aba elementor-widget elementor-widget-image\" data-id=\"a3d9aba\" data-element_type=\"widget\" data-widget_type=\"image.default\">\n\t\t\t\t<div class=\"elementor-widget-container\">\n\t\t\t\t\t\t\t\t\t\t\t\t\t\t\t<img fetchpriority=\"high\" decoding=\"async\" width=\"300\" height=\"300\" src=\"http:\/\/missaodai.net\/wp-content\/uploads\/2022\/06\/z3516945705355_1bf7a39d67f8134dc2d86066d3064098.jpg\" class=\"attachment-large size-large wp-image-261\" alt=\"\" srcset=\"http:\/\/missaodai.net\/wp-content\/uploads\/2022\/06\/z3516945705355_1bf7a39d67f8134dc2d86066d3064098.jpg 300w, http:\/\/missaodai.net\/wp-content\/uploads\/2022\/06\/z3516945705355_1bf7a39d67f8134dc2d86066d3064098-100x100.jpg 100w, http:\/\/missaodai.net\/wp-content\/uploads\/2022\/06\/z3516945705355_1bf7a39d67f8134dc2d86066d3064098-150x150.jpg 150w\" sizes=\"(max-width: 300px) 100vw, 300px\" \/>\t\t\t\t\t\t\t\t\t\t\t\t\t\t\t<\/div>\n\t\t\t\t<\/div>\n\t\t\t\t<div class=\"elementor-element elementor-element-8778dac elementor-widget elementor-widget-text-editor\" data-id=\"8778dac\" data-element_type=\"widget\" data-widget_type=\"text-editor.default\">\n\t\t\t\t<div class=\"elementor-widget-container\">\n\t\t\t\t\t\t\t\t\t<div id=\"input_line_0\" style=\"text-align: left;\"><span id=\"input_part_0\" class=\"\" style=\"color: #ffffff;\" data-mention=\"CH\u1ee4P \u1ea2NH \u00c1O D\u00c0I - MISS \u00c1O D\u00c0I\">CH\u1ee4P \u1ea2NH \u00c1O D\u00c0I &#8211; MISS \u00c1O D\u00c0I<\/span><\/div><div id=\"input_line_5\" style=\"text-align: left;\"><span id=\"input_part_0\" class=\"\" style=\"color: #ffffff;\" data-mention=\"Phone : 0978 276 815\">Phone : 0978 276 815\u00a0 &#8211;\u00a0 Zalo : 0907 722 549<\/span><\/div><div id=\"input_line_7\" style=\"text-align: left;\"><span id=\"input_part_0\" class=\"\" style=\"color: #ffffff;\" data-mention=\"Maill : missaodaisgvn@gmail.com\">Maill : admin@missaodai.net\u00a0\u00a0<\/span><\/div><div><span id=\"input_part_0\" class=\"\" style=\"color: #ffffff;\" data-mention=\"\u0110\u1ecba ch\u1ec9: 19\/14 \u0110o\u00e0n Th\u1ecb \u0110i\u1ec3m, Ph\u01b0\u1eddng 1 , Qu\u1eadn Ph\u00fa Nhu\u1eadn, TP H\u1ed3 Ch\u00ed Minh\">\u0110\u1ecba ch\u1ec9: 19\/14 \u0110o\u00e0n Th\u1ecb \u0110i\u1ec3m, Ph\u01b0\u1eddng 1 , Qu\u1eadn Ph\u00fa Nhu\u1eadn, TP H\u1ed3 Ch\u00ed Minh<\/span><\/div>\t\t\t\t\t\t\t\t<\/div>\n\t\t\t\t<\/div>\n\t\t\t\t<div class=\"elementor-element elementor-element-e3be26c elementor-widget elementor-widget-heading\" data-id=\"e3be26c\" data-element_type=\"widget\" data-widget_type=\"heading.default\">\n\t\t\t\t<div class=\"elementor-widget-container\">\n\t\t\t\t\t<h2 class=\"elementor-heading-title elementor-size-default\">Li\u00ean h\u1ec7<\/h2>\t\t\t\t<\/div>\n\t\t\t\t<\/div>\n\t\t\t\t<div class=\"elementor-element elementor-element-08c1c63 elementor-widget-divider--view-line elementor-widget elementor-widget-divider\" data-id=\"08c1c63\" data-element_type=\"widget\" data-widget_type=\"divider.default\">\n\t\t\t\t<div class=\"elementor-widget-container\">\n\t\t\t\t\t\t\t<div class=\"elementor-divider\">\n\t\t\t<span class=\"elementor-divider-separator\">\n\t\t\t\t\t\t<\/span>\n\t\t<\/div>\n\t\t\t\t\t\t<\/div>\n\t\t\t\t<\/div>\n\t\t\t\t<div class=\"elementor-element elementor-element-90d8d22 elementor-button-align-stretch elementor-widget elementor-widget-form\" data-id=\"90d8d22\" data-element_type=\"widget\" data-settings=\"{&quot;step_next_label&quot;:&quot;Next&quot;,&quot;step_previous_label&quot;:&quot;Previous&quot;,&quot;button_width&quot;:&quot;100&quot;,&quot;step_type&quot;:&quot;number_text&quot;,&quot;step_icon_shape&quot;:&quot;circle&quot;}\" data-widget_type=\"form.default\">\n\t\t\t\t<div class=\"elementor-widget-container\">\n\t\t\t\t\t\t\t<form class=\"elementor-form\" method=\"post\" name=\"New Form\" aria-label=\"New Form\">\n\t\t\t<input type=\"hidden\" name=\"post_id\" value=\"258\"\/>\n\t\t\t<input type=\"hidden\" name=\"form_id\" value=\"90d8d22\"\/>\n\t\t\t<input type=\"hidden\" name=\"referer_title\" value=\"Li\u00ean h\u1ec7\" \/>\n\n\t\t\t\t\t\t\t<input type=\"hidden\" name=\"queried_id\" value=\"258\"\/>\n\t\t\t\n\t\t\t<div class=\"elementor-form-fields-wrapper elementor-labels-above\">\n\t\t\t\t\t\t\t\t<div class=\"elementor-field-type-text elementor-field-group elementor-column elementor-field-group-name elementor-col-100\">\n\t\t\t\t\t\t\t\t\t\t\t\t\t<input size=\"1\" type=\"text\" name=\"form_fields[name]\" id=\"form-field-name\" class=\"elementor-field elementor-size-sm  elementor-field-textual\" placeholder=\"H\u1ecd t\u00ean c\u1ee7a b\u1ea1n\">\n\t\t\t\t\t\t\t\t\t\t\t<\/div>\n\t\t\t\t\t\t\t\t<div class=\"elementor-field-type-email elementor-field-group elementor-column elementor-field-group-email elementor-col-100 elementor-field-required\">\n\t\t\t\t\t\t\t\t\t\t\t\t\t<input size=\"1\" type=\"email\" name=\"form_fields[email]\" id=\"form-field-email\" class=\"elementor-field elementor-size-sm  elementor-field-textual\" placeholder=\"Email c\u1ee7a b\u1ea1n\" required=\"required\">\n\t\t\t\t\t\t\t\t\t\t\t<\/div>\n\t\t\t\t\t\t\t\t<div class=\"elementor-field-type-text elementor-field-group elementor-column elementor-field-group-field_cc0e485 elementor-col-100\">\n\t\t\t\t\t\t\t\t\t\t\t\t\t<input size=\"1\" type=\"text\" name=\"form_fields[field_cc0e485]\" id=\"form-field-field_cc0e485\" class=\"elementor-field elementor-size-sm  elementor-field-textual\" placeholder=\"\u0110i\u1ec7n tho\u1ea1i c\u1ee7a b\u1ea1n\">\n\t\t\t\t\t\t\t\t\t\t\t<\/div>\n\t\t\t\t\t\t\t\t<div class=\"elementor-field-type-textarea elementor-field-group elementor-column elementor-field-group-message elementor-col-100\">\n\t\t\t\t\t<textarea class=\"elementor-field-textual elementor-field  elementor-size-sm\" name=\"form_fields[message]\" id=\"form-field-message\" rows=\"4\" placeholder=\"Ghi ch\u00fa\"><\/textarea>\t\t\t\t<\/div>\n\t\t\t\t\t\t\t\t<div class=\"elementor-field-group elementor-column elementor-field-type-submit elementor-col-100 e-form__buttons\">\n\t\t\t\t\t<button class=\"elementor-button elementor-size-sm\" type=\"submit\">\n\t\t\t\t\t\t<span class=\"elementor-button-content-wrapper\">\n\t\t\t\t\t\t\t\t\t\t\t\t\t\t\t\t\t\t\t\t\t\t<span class=\"elementor-button-text\">G\u1eedi<\/span>\n\t\t\t\t\t\t\t\t\t\t\t\t\t<\/span>\n\t\t\t\t\t<\/button>\n\t\t\t\t<\/div>\n\t\t\t<\/div>\n\t\t<\/form>\n\t\t\t\t\t\t<\/div>\n\t\t\t\t<\/div>\n\t\t\t\t\t<\/div>\n\t\t<\/div>\n\t\t\t\t\t<\/div>\n\t\t<\/section>\n\t\t\t\t<section class=\"elementor-section elementor-top-section elementor-element elementor-element-4335d0a1 elementor-section-boxed elementor-section-height-default elementor-section-height-default\" data-id=\"4335d0a1\" data-element_type=\"section\">\n\t\t\t\t\t\t<div class=\"elementor-container elementor-column-gap-default\">\n\t\t\t\t\t<div class=\"elementor-column elementor-col-100 elementor-top-column elementor-element elementor-element-634af8c2\" data-id=\"634af8c2\" data-element_type=\"column\">\n\t\t\t<div class=\"elementor-widget-wrap elementor-element-populated\">\n\t\t\t\t\t\t<div class=\"elementor-element elementor-element-3590d9b5 elementor-arrows-position-inside elementor-pagination-position-outside elementor-widget elementor-widget-image-carousel\" data-id=\"3590d9b5\" data-element_type=\"widget\" data-settings=\"{&quot;slides_to_show&quot;:&quot;5&quot;,&quot;image_spacing_custom&quot;:{&quot;unit&quot;:&quot;px&quot;,&quot;size&quot;:10,&quot;sizes&quot;:[]},&quot;navigation&quot;:&quot;both&quot;,&quot;autoplay&quot;:&quot;yes&quot;,&quot;pause_on_hover&quot;:&quot;yes&quot;,&quot;pause_on_interaction&quot;:&quot;yes&quot;,&quot;autoplay_speed&quot;:5000,&quot;infinite&quot;:&quot;yes&quot;,&quot;speed&quot;:500,&quot;image_spacing_custom_tablet&quot;:{&quot;unit&quot;:&quot;px&quot;,&quot;size&quot;:&quot;&quot;,&quot;sizes&quot;:[]},&quot;image_spacing_custom_mobile&quot;:{&quot;unit&quot;:&quot;px&quot;,&quot;size&quot;:&quot;&quot;,&quot;sizes&quot;:[]}}\" data-widget_type=\"image-carousel.default\">\n\t\t\t\t<div class=\"elementor-widget-container\">\n\t\t\t\t\t\t\t<div class=\"elementor-image-carousel-wrapper swiper\" role=\"region\" aria-roledescription=\"carousel\" aria-label=\"B\u0103ng chuy\u1ec1n h\u00ecnh \u1ea3nh\" dir=\"ltr\">\n\t\t\t<div class=\"elementor-image-carousel swiper-wrapper\" aria-live=\"off\">\n\t\t\t\t\t\t\t\t<div class=\"swiper-slide\" role=\"group\" aria-roledescription=\"slide\" aria-label=\"1 tr\u00ean 8\"><figure class=\"swiper-slide-inner\"><img decoding=\"async\" class=\"swiper-slide-image\" src=\"http:\/\/missaodai.net\/wp-content\/uploads\/2022\/06\/01.jpg\" alt=\"01\" \/><\/figure><\/div><div class=\"swiper-slide\" role=\"group\" aria-roledescription=\"slide\" aria-label=\"2 tr\u00ean 8\"><figure class=\"swiper-slide-inner\"><img decoding=\"async\" class=\"swiper-slide-image\" src=\"http:\/\/missaodai.net\/wp-content\/uploads\/2022\/06\/02.jpg\" alt=\"02\" \/><\/figure><\/div><div class=\"swiper-slide\" role=\"group\" aria-roledescription=\"slide\" aria-label=\"3 tr\u00ean 8\"><figure class=\"swiper-slide-inner\"><img decoding=\"async\" class=\"swiper-slide-image\" src=\"http:\/\/missaodai.net\/wp-content\/uploads\/2022\/06\/03.jpg\" alt=\"03\" \/><\/figure><\/div><div class=\"swiper-slide\" role=\"group\" aria-roledescription=\"slide\" aria-label=\"4 tr\u00ean 8\"><figure class=\"swiper-slide-inner\"><img decoding=\"async\" class=\"swiper-slide-image\" src=\"http:\/\/missaodai.net\/wp-content\/uploads\/2022\/06\/04.jpg\" alt=\"04\" \/><\/figure><\/div><div class=\"swiper-slide\" role=\"group\" aria-roledescription=\"slide\" aria-label=\"5 tr\u00ean 8\"><figure class=\"swiper-slide-inner\"><img decoding=\"async\" class=\"swiper-slide-image\" src=\"http:\/\/missaodai.net\/wp-content\/uploads\/2022\/06\/05.jpg\" alt=\"05\" \/><\/figure><\/div><div class=\"swiper-slide\" role=\"group\" aria-roledescription=\"slide\" aria-label=\"6 tr\u00ean 8\"><figure class=\"swiper-slide-inner\"><img decoding=\"async\" class=\"swiper-slide-image\" src=\"http:\/\/missaodai.net\/wp-content\/uploads\/2022\/06\/06.jpg\" alt=\"06\" \/><\/figure><\/div><div class=\"swiper-slide\" role=\"group\" aria-roledescription=\"slide\" aria-label=\"7 tr\u00ean 8\"><figure class=\"swiper-slide-inner\"><img decoding=\"async\" class=\"swiper-slide-image\" src=\"http:\/\/missaodai.net\/wp-content\/uploads\/2022\/06\/07.jpg\" alt=\"07\" \/><\/figure><\/div><div class=\"swiper-slide\" role=\"group\" aria-roledescription=\"slide\" aria-label=\"8 tr\u00ean 8\"><figure class=\"swiper-slide-inner\"><img decoding=\"async\" class=\"swiper-slide-image\" src=\"http:\/\/missaodai.net\/wp-content\/uploads\/2022\/06\/08.jpg\" alt=\"08\" \/><\/figure><\/div>\t\t\t<\/div>\n\t\t\t\t\t\t\t\t\t\t\t\t<div class=\"elementor-swiper-button elementor-swiper-button-prev\" role=\"button\" tabindex=\"0\">\n\t\t\t\t\t\t<i aria-hidden=\"true\" class=\"eicon-chevron-left\"><\/i>\t\t\t\t\t<\/div>\n\t\t\t\t\t<div class=\"elementor-swiper-button elementor-swiper-button-next\" role=\"button\" tabindex=\"0\">\n\t\t\t\t\t\t<i aria-hidden=\"true\" class=\"eicon-chevron-right\"><\/i>\t\t\t\t\t<\/div>\n\t\t\t\t\n\t\t\t\t\t\t\t\t\t<div class=\"swiper-pagination\"><\/div>\n\t\t\t\t\t\t\t\t\t<\/div>\n\t\t\t\t\t\t<\/div>\n\t\t\t\t<\/div>\n\t\t\t\t\t<\/div>\n\t\t<\/div>\n\t\t\t\t\t<\/div>\n\t\t<\/section>\n\t\t\t\t<\/div>\n\t\t","protected":false},"excerpt":{"rendered":"<p>Li\u00ean h\u1ec7 CH\u1ee4P \u1ea2NH \u00c1O D\u00c0I &#8211; MISS \u00c1O D\u00c0IPhone : 0978 276 815\u00a0 &#8211;\u00a0 Zalo : 0907 722 549Maill : admin@missaodai.net\u00a0\u00a0\u0110\u1ecba ch\u1ec9: 19\/14 \u0110o\u00e0n Th\u1ecb \u0110i\u1ec3m, Ph\u01b0\u1eddng 1 , Qu\u1eadn Ph\u00fa Nhu\u1eadn, TP H\u1ed3 Ch\u00ed Minh Li\u00ean h\u1ec7 Previous Next<\/p>\n","protected":false},"author":1,"featured_media":0,"parent":0,"menu_order":0,"comment_status":"closed","ping_status":"closed","template":"elementor_header_footer","meta":{"_acf_changed":false,"footnotes":""},"class_list":["post-258","page","type-page","status-publish","hentry"],"acf":[],"_links":{"self":[{"href":"https:\/\/missaodai.net\/index.php?rest_route=\/wp\/v2\/pages\/258","targetHints":{"allow":["GET"]}}],"collection":[{"href":"https:\/\/missaodai.net\/index.php?rest_route=\/wp\/v2\/pages"}],"about":[{"href":"https:\/\/missaodai.net\/index.php?rest_route=\/wp\/v2\/types\/page"}],"author":[{"embeddable":true,"href":"https:\/\/missaodai.net\/index.php?rest_route=\/wp\/v2\/users\/1"}],"replies":[{"embeddable":true,"href":"https:\/\/missaodai.net\/index.php?rest_route=%2Fwp%2Fv2%2Fcomments&post=258"}],"version-history":[{"count":7,"href":"https:\/\/missaodai.net\/index.php?rest_route=\/wp\/v2\/pages\/258\/revisions"}],"predecessor-version":[{"id":4498,"href":"https:\/\/missaodai.net\/index.php?rest_route=\/wp\/v2\/pages\/258\/revisions\/4498"}],"wp:attachment":[{"href":"https:\/\/missaodai.net\/index.php?rest_route=%2Fwp%2Fv2%2Fmedia&parent=258"}],"curies":[{"name":"wp","href":"https:\/\/api.w.org\/{rel}","templated":true}]}}