{"id":237,"date":"2022-06-24T14:53:23","date_gmt":"2022-06-24T07:53:23","guid":{"rendered":"http:\/\/missaodai.net\/?page_id=237"},"modified":"2024-08-08T15:00:18","modified_gmt":"2024-08-08T08:00:18","slug":"gioi-thieu","status":"publish","type":"page","link":"https:\/\/missaodai.net\/?page_id=237","title":{"rendered":"Gi\u1edbi Thi\u1ec7u"},"content":{"rendered":"\t\t<div data-elementor-type=\"wp-page\" data-elementor-id=\"237\" class=\"elementor elementor-237\" data-elementor-post-type=\"page\">\n\t\t\t\t\t\t<section class=\"elementor-section elementor-top-section elementor-element elementor-element-d5e7570 elementor-section-boxed elementor-section-height-default elementor-section-height-default\" data-id=\"d5e7570\" data-element_type=\"section\">\n\t\t\t\t\t\t<div class=\"elementor-container elementor-column-gap-default\">\n\t\t\t\t\t<div class=\"elementor-column elementor-col-100 elementor-top-column elementor-element elementor-element-fe192e1\" data-id=\"fe192e1\" data-element_type=\"column\">\n\t\t\t<div class=\"elementor-widget-wrap elementor-element-populated\">\n\t\t\t\t\t\t<div class=\"elementor-element elementor-element-cd2505c elementor-widget elementor-widget-heading\" data-id=\"cd2505c\" data-element_type=\"widget\" data-widget_type=\"heading.default\">\n\t\t\t\t<div class=\"elementor-widget-container\">\n\t\t\t\t\t<h2 class=\"elementor-heading-title elementor-size-default\">V\u1ec0 CH\u00daNG T\u00d4I<\/h2>\t\t\t\t<\/div>\n\t\t\t\t<\/div>\n\t\t\t\t\t<\/div>\n\t\t<\/div>\n\t\t\t\t\t<\/div>\n\t\t<\/section>\n\t\t\t\t<section class=\"elementor-section elementor-top-section elementor-element elementor-element-8805a6e elementor-section-boxed elementor-section-height-default elementor-section-height-default\" data-id=\"8805a6e\" data-element_type=\"section\">\n\t\t\t\t\t\t<div class=\"elementor-container elementor-column-gap-default\">\n\t\t\t\t\t<div class=\"elementor-column elementor-col-100 elementor-top-column elementor-element elementor-element-b043f23\" data-id=\"b043f23\" data-element_type=\"column\">\n\t\t\t<div class=\"elementor-widget-wrap elementor-element-populated\">\n\t\t\t\t\t\t<div class=\"elementor-element elementor-element-589b7bc elementor-widget elementor-widget-image\" data-id=\"589b7bc\" data-element_type=\"widget\" data-widget_type=\"image.default\">\n\t\t\t\t<div class=\"elementor-widget-container\">\n\t\t\t\t\t\t\t\t\t\t\t\t\t\t\t<img fetchpriority=\"high\" decoding=\"async\" width=\"768\" height=\"370\" src=\"https:\/\/missaodai.net\/wp-content\/uploads\/2024\/08\/pazo-web-trang-landing-768x370-1.webp\" class=\"attachment-large size-large wp-image-4488\" alt=\"\" srcset=\"https:\/\/missaodai.net\/wp-content\/uploads\/2024\/08\/pazo-web-trang-landing-768x370-1.webp 768w, https:\/\/missaodai.net\/wp-content\/uploads\/2024\/08\/pazo-web-trang-landing-768x370-1-300x145.webp 300w\" sizes=\"(max-width: 768px) 100vw, 768px\" \/>\t\t\t\t\t\t\t\t\t\t\t\t\t\t\t<\/div>\n\t\t\t\t<\/div>\n\t\t\t\t\t<\/div>\n\t\t<\/div>\n\t\t\t\t\t<\/div>\n\t\t<\/section>\n\t\t\t\t<section class=\"elementor-section elementor-top-section elementor-element elementor-element-87d23ea elementor-section-boxed elementor-section-height-default elementor-section-height-default\" data-id=\"87d23ea\" data-element_type=\"section\">\n\t\t\t\t\t\t<div class=\"elementor-container elementor-column-gap-default\">\n\t\t\t\t\t<div class=\"elementor-column elementor-col-100 elementor-top-column elementor-element elementor-element-a34f881\" data-id=\"a34f881\" data-element_type=\"column\">\n\t\t\t<div class=\"elementor-widget-wrap elementor-element-populated\">\n\t\t\t\t\t\t<div class=\"elementor-element elementor-element-36749e0 elementor-widget elementor-widget-heading\" data-id=\"36749e0\" data-element_type=\"widget\" data-widget_type=\"heading.default\">\n\t\t\t\t<div class=\"elementor-widget-container\">\n\t\t\t\t\t<h2 class=\"elementor-heading-title elementor-size-default\"><span style=\"font-family: UTMAvo, sans-serif;font-size: medium;font-weight: 400;white-space: normal\">\u0110\u1eddi s\u1ed1ng hi\u1ec7n \u0111\u1ea1i v\u1edbi r\u1ea5t nhi\u1ec1u ki\u1ec3u trang ph\u1ee5c m\u1edbi, \u0111\u1ed9c \u0111\u00e1o, c\u00e1 t\u00ednh, nh\u1eb9 nh\u00e0ng, th\u1ebf nh\u01b0ng t\u00e0 \u00c1o d\u00e0i v\u1eabn ch\u01b0a bao gi\u1edd m\u1ea5t \u0111i v\u1ecb tr\u00ed c\u1ee7a n\u00f3 trong \u0111\u1eddi s\u1ed1ng t\u00e2m h\u1ed3n c\u1ee7a ng\u01b0\u1eddi Vi\u1ec7t Nam. B\u1edfi n\u00f3 kh\u00f4ng ch\u1ec9 l\u00e0&nbsp;<\/span><span style=\"font-weight: revert;margin: revert;padding: revert;border: 0px;font-size: medium;line-height: revert;font-family: UTMAvo, sans-serif;vertical-align: baseline;white-space: normal\">trang ph\u1ee5c truy\u1ec1n th\u1ed1ng&nbsp;<\/span><span style=\"font-family: UTMAvo, sans-serif;font-size: medium;font-weight: 400;white-space: normal\">m\u00e0 n\u00f3 c\u00f2n l\u00e0 bi\u1ec3u t\u01b0\u1ee3ng cho ng\u01b0\u1eddi ph\u1ee5 n\u1eef Vi\u1ec7t Nam: d\u1ecbu d\u00e0ng, duy\u00ean d\u00e1ng nh\u01b0ng c\u0169ng r\u1ea5t hi\u1ec7n \u0111\u1ea1i. Ch\u1ee5p h\u00ecnh ngh\u1ec7 thu\u1eadt \u00c1o d\u00e0i s\u1ebd gi\u00fap cho ph\u1ee5 n\u1eef tr\u1edf n\u00ean \u0111\u1eb7c bi\u1ec7t h\u01a1n so v\u1edbi c\u00e1c b\u1ee9c \u1ea3nh theo nh\u1eefng phong c\u00e1ch kh\u00e1c, n\u00f3 c\u0169ng s\u1ebd l\u00e0 1 cu\u1ed1n album \u1ea3nh \u00c1o d\u00e0i mang \u0111\u1eadm d\u1ea5u \u1ea5n c\u00e1 nh\u00e2n b\u1ea1n. \u0110\u00f3 ch\u00ednh l\u00e0 n\u00e9t kh\u00e1c bi\u1ec7t c\u1ee7a b\u1ea3n th\u00e2n qu\u1ed1c ph\u1ee5c mang l\u1ea1i, l\u00e0 l\u00f2ng t\u1ef1 t\u00f4n d\u00e2n t\u1ed9c c\u1ee7a ch\u00ednh ng\u01b0\u1eddi m\u1eb7c v\u00e0 l\u00e0 s\u1ef1 t\u00f4n vinh ch\u0103m ch\u00fat c\u1ee7a ng\u01b0\u1eddi l\u00e0m ngh\u1ec7 thu\u1eadt.<\/span><\/h2>\t\t\t\t<\/div>\n\t\t\t\t<\/div>\n\t\t\t\t\t<\/div>\n\t\t<\/div>\n\t\t\t\t\t<\/div>\n\t\t<\/section>\n\t\t\t\t<section class=\"elementor-section elementor-top-section elementor-element elementor-element-203b26b elementor-section-boxed elementor-section-height-default elementor-section-height-default\" data-id=\"203b26b\" data-element_type=\"section\">\n\t\t\t\t\t\t<div class=\"elementor-container elementor-column-gap-default\">\n\t\t\t\t\t<div class=\"elementor-column elementor-col-100 elementor-top-column elementor-element elementor-element-d6e9b98\" data-id=\"d6e9b98\" data-element_type=\"column\">\n\t\t\t<div class=\"elementor-widget-wrap elementor-element-populated\">\n\t\t\t\t\t\t<div class=\"elementor-element elementor-element-5783373 elementor-widget elementor-widget-heading\" data-id=\"5783373\" data-element_type=\"widget\" data-widget_type=\"heading.default\">\n\t\t\t\t<div class=\"elementor-widget-container\">\n\t\t\t\t\t<h2 class=\"elementor-heading-title elementor-size-default\"><span style=\"font-family: UTMAvo, sans-serif;font-size: medium;font-style: normal;font-weight: 400;letter-spacing: normal;text-align: start;text-indent: 0px;text-transform: none;white-space: normal;float: none\">Ch\u00ednh v\u00ec l\u1ebd \u0111\u00f3, Miss \u00c1o D\u00e0i lu\u00f4n th\u1ea5u hi\u1ec3u v\u00e0 ho\u1ea1t \u0111\u1ed9ng 365 ng\u00e0y nh\u1eb1m m\u1ee5c \u0111\u00edch gi\u00fap c\u00e1c ch\u1ecb em Ph\u1ee5 n\u1eef khu v\u1ef1c TP HCM n\u00f3i ri\u00eang v\u00e0 ph\u1ee5 n\u1eef Vi\u1ec7t Nam n\u00f3i chung gi\u1eef l\u1ea1i nh\u1eefng kho\u1ea3nh kh\u1eafc Thanh xu\u00e2n \u0111\u1eb9p \u0111\u1ebd h\u00f2a quy\u1ec7n c\u00f9ng n\u00e9t d\u1eb9p duy\u00ean d\u00e1ng quy\u1ebfn r\u0169 c\u1ee7a m\u1ed7i ng\u01b0\u1eddi khi kho\u00e1c l\u00ean chi\u1ebfc \u00c1o d\u00e0i \u0111\u1ed3ng th\u1eddi c\u0169ng l\u00e0 gi\u00fap ng\u01b0\u1eddi Vi\u1ec7t ch\u00fang ta n\u00f3i chung g\u00ecn gi\u1eef v\u1ebb \u0111\u1eb9p v\u0103n h\u00f3a truy\u1ec1n th\u1ed1ng trong<\/span><strong style=\"font-weight: revert;margin: revert;padding: revert;border: 0px;font-style: normal;font-size: medium;line-height: revert;font-family: UTMAvo, sans-serif;vertical-align: baseline;letter-spacing: normal;text-align: start;text-indent: 0px;text-transform: none;white-space: normal\">&nbsp;t\u00e0 \u00c1o d\u00e0i Vi\u1ec7t Nam<\/strong><span style=\"font-family: UTMAvo, sans-serif;font-size: medium;font-style: normal;font-weight: 400;letter-spacing: normal;text-align: start;text-indent: 0px;text-transform: none;white-space: normal;float: none\">. MAD l\u00e0 m\u1ed9t t\u1ed5 ch\u1ee9c \u0111\u01b0\u1ee3c \u0111\u00e3 \u0111\u01b0\u1ee3c h\u00ecnh th\u00e0nh v\u00e0 x\u00e2y d\u1ef1ng t\u1eeb n\u0103m 2017 sinh ra v\u1edbi s\u1ee9 m\u1ec7nh:<\/span><\/h2>\t\t\t\t<\/div>\n\t\t\t\t<\/div>\n\t\t\t\t\t<\/div>\n\t\t<\/div>\n\t\t\t\t\t<\/div>\n\t\t<\/section>\n\t\t\t\t<section class=\"elementor-section elementor-top-section elementor-element elementor-element-ecd4ca2 elementor-section-boxed elementor-section-height-default elementor-section-height-default\" data-id=\"ecd4ca2\" data-element_type=\"section\">\n\t\t\t\t\t\t<div class=\"elementor-container elementor-column-gap-default\">\n\t\t\t\t\t<div class=\"elementor-column elementor-col-100 elementor-top-column elementor-element elementor-element-7dcc0d8\" data-id=\"7dcc0d8\" data-element_type=\"column\">\n\t\t\t<div class=\"elementor-widget-wrap elementor-element-populated\">\n\t\t\t\t\t\t<div class=\"elementor-element elementor-element-c3b3cd6 elementor-widget elementor-widget-heading\" data-id=\"c3b3cd6\" data-element_type=\"widget\" data-widget_type=\"heading.default\">\n\t\t\t\t<div class=\"elementor-widget-container\">\n\t\t\t\t\t<h2 class=\"elementor-heading-title elementor-size-default\"><span style=\"font-family: UTMAvo, sans-serif;font-size: medium;font-weight: 400;white-space: normal\">\u201cL\u01b0u gi\u1eef Thanh xu\u00e2n, nh\u1eefng k\u1ef7 ni\u1ec7m \u0111\u1eb9p c\u1ee7a ng\u01b0\u1eddi Ph\u1ee5 n\u1eef Vi\u1ec7t Nam tr\u00ean to\u00e0n th\u1ebf gi\u1edbi trong t\u00e0 \u00c1o d\u00e0i truy\u1ec1n th\u1ed1ng D\u00e2n t\u1ed9c.\u201d<\/span><\/h2>\t\t\t\t<\/div>\n\t\t\t\t<\/div>\n\t\t\t\t\t<\/div>\n\t\t<\/div>\n\t\t\t\t\t<\/div>\n\t\t<\/section>\n\t\t\t\t<section class=\"elementor-section elementor-top-section elementor-element elementor-element-3727834 elementor-section-boxed elementor-section-height-default elementor-section-height-default\" data-id=\"3727834\" data-element_type=\"section\">\n\t\t\t\t\t\t<div class=\"elementor-container elementor-column-gap-default\">\n\t\t\t\t\t<div class=\"elementor-column elementor-col-100 elementor-top-column elementor-element elementor-element-347f118\" data-id=\"347f118\" data-element_type=\"column\">\n\t\t\t<div class=\"elementor-widget-wrap elementor-element-populated\">\n\t\t\t\t\t\t<div class=\"elementor-element elementor-element-4625b2c elementor-widget elementor-widget-image\" data-id=\"4625b2c\" data-element_type=\"widget\" data-widget_type=\"image.default\">\n\t\t\t\t<div class=\"elementor-widget-container\">\n\t\t\t\t\t\t\t\t\t\t\t\t\t\t\t<img decoding=\"async\" width=\"768\" height=\"370\" src=\"https:\/\/missaodai.net\/wp-content\/uploads\/2024\/08\/AODAI-768x370-1.webp\" class=\"attachment-large size-large wp-image-4489\" alt=\"\" srcset=\"https:\/\/missaodai.net\/wp-content\/uploads\/2024\/08\/AODAI-768x370-1.webp 768w, https:\/\/missaodai.net\/wp-content\/uploads\/2024\/08\/AODAI-768x370-1-300x145.webp 300w\" sizes=\"(max-width: 768px) 100vw, 768px\" \/>\t\t\t\t\t\t\t\t\t\t\t\t\t\t\t<\/div>\n\t\t\t\t<\/div>\n\t\t\t\t\t<\/div>\n\t\t<\/div>\n\t\t\t\t\t<\/div>\n\t\t<\/section>\n\t\t\t\t<section class=\"elementor-section elementor-top-section elementor-element elementor-element-8dc0e14 elementor-section-boxed elementor-section-height-default elementor-section-height-default\" data-id=\"8dc0e14\" data-element_type=\"section\">\n\t\t\t\t\t\t<div class=\"elementor-container elementor-column-gap-default\">\n\t\t\t\t\t<div class=\"elementor-column elementor-col-100 elementor-top-column elementor-element elementor-element-c836544\" data-id=\"c836544\" data-element_type=\"column\">\n\t\t\t<div class=\"elementor-widget-wrap elementor-element-populated\">\n\t\t\t\t\t\t<div class=\"elementor-element elementor-element-0bf142a elementor-widget elementor-widget-heading\" data-id=\"0bf142a\" data-element_type=\"widget\" data-widget_type=\"heading.default\">\n\t\t\t\t<div class=\"elementor-widget-container\">\n\t\t\t\t\t<h2 class=\"elementor-heading-title elementor-size-default\"><span style=\"font-family: UTMAvo, sans-serif;font-size: medium;font-style: normal;font-weight: 400;letter-spacing: normal;text-align: start;text-indent: 0px;text-transform: none;white-space: normal;float: none\">T\u1ea6M NH\u00ccN<\/span><\/h2>\t\t\t\t<\/div>\n\t\t\t\t<\/div>\n\t\t\t\t\t<\/div>\n\t\t<\/div>\n\t\t\t\t\t<\/div>\n\t\t<\/section>\n\t\t\t\t<section class=\"elementor-section elementor-top-section elementor-element elementor-element-90e871d elementor-section-boxed elementor-section-height-default elementor-section-height-default\" data-id=\"90e871d\" data-element_type=\"section\">\n\t\t\t\t\t\t<div class=\"elementor-container elementor-column-gap-default\">\n\t\t\t\t\t<div class=\"elementor-column elementor-col-100 elementor-top-column elementor-element elementor-element-b6b0905\" data-id=\"b6b0905\" data-element_type=\"column\">\n\t\t\t<div class=\"elementor-widget-wrap elementor-element-populated\">\n\t\t\t\t\t\t<div class=\"elementor-element elementor-element-3c695ea elementor-widget elementor-widget-heading\" data-id=\"3c695ea\" data-element_type=\"widget\" data-widget_type=\"heading.default\">\n\t\t\t\t<div class=\"elementor-widget-container\">\n\t\t\t\t\t<h2 class=\"elementor-heading-title elementor-size-default\"><span style=\"font-family: UTMAvo, sans-serif;font-size: medium;font-weight: 400;white-space: normal\">MISS \u00c1O D\u00c0I s\u1ebd tr\u1edf th\u00e0nh h\u1ec7 th\u1ed1ng Studio chuy\u00ean ch\u1ee5p \u1ea3nh \u00c1o D\u00e0i h\u00e0ng \u0111\u1ea7u Vi\u1ec7t Nam.<\/span><\/h2>\t\t\t\t<\/div>\n\t\t\t\t<\/div>\n\t\t\t\t\t<\/div>\n\t\t<\/div>\n\t\t\t\t\t<\/div>\n\t\t<\/section>\n\t\t\t\t<section class=\"elementor-section elementor-top-section elementor-element elementor-element-024e3a5 elementor-section-boxed elementor-section-height-default elementor-section-height-default\" data-id=\"024e3a5\" data-element_type=\"section\">\n\t\t\t\t\t\t<div class=\"elementor-container elementor-column-gap-default\">\n\t\t\t\t\t<div class=\"elementor-column elementor-col-100 elementor-top-column elementor-element elementor-element-02e5f87\" data-id=\"02e5f87\" data-element_type=\"column\">\n\t\t\t<div class=\"elementor-widget-wrap elementor-element-populated\">\n\t\t\t\t\t\t<div class=\"elementor-element elementor-element-620fe0d elementor-widget elementor-widget-heading\" data-id=\"620fe0d\" data-element_type=\"widget\" data-widget_type=\"heading.default\">\n\t\t\t\t<div class=\"elementor-widget-container\">\n\t\t\t\t\t<h2 class=\"elementor-heading-title elementor-size-default\"><span style=\"font-family: UTMAvo, sans-serif;font-size: medium;font-weight: 400;white-space: normal\">M\u1ee4C TI\u00caU MISS \u00c1O D\u00c0I 2030 X\u00e2y d\u1ef1ng Miss \u00c1o D\u00e0i th\u00e0nh m\u1ed9t C\u00f4ng ty l\u1edbn m\u1ea1nh, kinh t\u1ebf v\u1eefng v\u00e0ng. C\u00f3 c\u00e1c Chi nh\u00e1nh t\u1ea1i c\u00e1c th\u00e0nh ph\u1ed1 l\u1edbn t\u1ea1i Vi\u1ec7t Nam: TP V\u0169ng T\u00e0u, TP \u0110\u00e0 L\u1ea1t, TP \u0110\u00e0 N\u1eb5ng.....<\/span><\/h2>\t\t\t\t<\/div>\n\t\t\t\t<\/div>\n\t\t\t\t\t<\/div>\n\t\t<\/div>\n\t\t\t\t\t<\/div>\n\t\t<\/section>\n\t\t\t\t<section class=\"elementor-section elementor-top-section elementor-element elementor-element-ae9079c elementor-section-boxed elementor-section-height-default elementor-section-height-default\" data-id=\"ae9079c\" data-element_type=\"section\">\n\t\t\t\t\t\t<div class=\"elementor-container elementor-column-gap-default\">\n\t\t\t\t\t<div class=\"elementor-column elementor-col-100 elementor-top-column elementor-element elementor-element-472f92b\" data-id=\"472f92b\" data-element_type=\"column\">\n\t\t\t<div class=\"elementor-widget-wrap elementor-element-populated\">\n\t\t\t\t\t\t<div class=\"elementor-element elementor-element-2efad7a elementor-arrows-position-inside elementor-pagination-position-outside elementor-widget elementor-widget-image-carousel\" data-id=\"2efad7a\" data-element_type=\"widget\" data-settings=\"{&quot;slides_to_show&quot;:&quot;5&quot;,&quot;image_spacing_custom&quot;:{&quot;unit&quot;:&quot;px&quot;,&quot;size&quot;:10,&quot;sizes&quot;:[]},&quot;navigation&quot;:&quot;both&quot;,&quot;autoplay&quot;:&quot;yes&quot;,&quot;pause_on_hover&quot;:&quot;yes&quot;,&quot;pause_on_interaction&quot;:&quot;yes&quot;,&quot;autoplay_speed&quot;:5000,&quot;infinite&quot;:&quot;yes&quot;,&quot;speed&quot;:500,&quot;image_spacing_custom_tablet&quot;:{&quot;unit&quot;:&quot;px&quot;,&quot;size&quot;:&quot;&quot;,&quot;sizes&quot;:[]},&quot;image_spacing_custom_mobile&quot;:{&quot;unit&quot;:&quot;px&quot;,&quot;size&quot;:&quot;&quot;,&quot;sizes&quot;:[]}}\" data-widget_type=\"image-carousel.default\">\n\t\t\t\t<div class=\"elementor-widget-container\">\n\t\t\t\t\t\t\t<div class=\"elementor-image-carousel-wrapper swiper\" role=\"region\" aria-roledescription=\"carousel\" aria-label=\"B\u0103ng chuy\u1ec1n h\u00ecnh \u1ea3nh\" dir=\"ltr\">\n\t\t\t<div class=\"elementor-image-carousel swiper-wrapper\" aria-live=\"off\">\n\t\t\t\t\t\t\t\t<div class=\"swiper-slide\" role=\"group\" aria-roledescription=\"slide\" aria-label=\"1 tr\u00ean 8\"><figure class=\"swiper-slide-inner\"><img decoding=\"async\" class=\"swiper-slide-image\" src=\"https:\/\/missaodai.net\/wp-content\/uploads\/2022\/06\/01.jpg\" alt=\"01\" \/><\/figure><\/div><div class=\"swiper-slide\" role=\"group\" aria-roledescription=\"slide\" aria-label=\"2 tr\u00ean 8\"><figure class=\"swiper-slide-inner\"><img decoding=\"async\" class=\"swiper-slide-image\" src=\"https:\/\/missaodai.net\/wp-content\/uploads\/2022\/06\/02.jpg\" alt=\"02\" \/><\/figure><\/div><div class=\"swiper-slide\" role=\"group\" aria-roledescription=\"slide\" aria-label=\"3 tr\u00ean 8\"><figure class=\"swiper-slide-inner\"><img decoding=\"async\" class=\"swiper-slide-image\" src=\"https:\/\/missaodai.net\/wp-content\/uploads\/2022\/06\/03.jpg\" alt=\"03\" \/><\/figure><\/div><div class=\"swiper-slide\" role=\"group\" aria-roledescription=\"slide\" aria-label=\"4 tr\u00ean 8\"><figure class=\"swiper-slide-inner\"><img decoding=\"async\" class=\"swiper-slide-image\" src=\"https:\/\/missaodai.net\/wp-content\/uploads\/2022\/06\/04.jpg\" alt=\"04\" \/><\/figure><\/div><div class=\"swiper-slide\" role=\"group\" aria-roledescription=\"slide\" aria-label=\"5 tr\u00ean 8\"><figure class=\"swiper-slide-inner\"><img decoding=\"async\" class=\"swiper-slide-image\" src=\"https:\/\/missaodai.net\/wp-content\/uploads\/2022\/06\/05.jpg\" alt=\"05\" \/><\/figure><\/div><div class=\"swiper-slide\" role=\"group\" aria-roledescription=\"slide\" aria-label=\"6 tr\u00ean 8\"><figure class=\"swiper-slide-inner\"><img decoding=\"async\" class=\"swiper-slide-image\" src=\"https:\/\/missaodai.net\/wp-content\/uploads\/2022\/06\/06.jpg\" alt=\"06\" \/><\/figure><\/div><div class=\"swiper-slide\" role=\"group\" aria-roledescription=\"slide\" aria-label=\"7 tr\u00ean 8\"><figure class=\"swiper-slide-inner\"><img decoding=\"async\" class=\"swiper-slide-image\" src=\"https:\/\/missaodai.net\/wp-content\/uploads\/2022\/06\/07.jpg\" alt=\"07\" \/><\/figure><\/div><div class=\"swiper-slide\" role=\"group\" aria-roledescription=\"slide\" aria-label=\"8 tr\u00ean 8\"><figure class=\"swiper-slide-inner\"><img decoding=\"async\" class=\"swiper-slide-image\" src=\"https:\/\/missaodai.net\/wp-content\/uploads\/2022\/06\/08.jpg\" alt=\"08\" \/><\/figure><\/div>\t\t\t<\/div>\n\t\t\t\t\t\t\t\t\t\t\t\t<div class=\"elementor-swiper-button elementor-swiper-button-prev\" role=\"button\" tabindex=\"0\">\n\t\t\t\t\t\t<i aria-hidden=\"true\" class=\"eicon-chevron-left\"><\/i>\t\t\t\t\t<\/div>\n\t\t\t\t\t<div class=\"elementor-swiper-button elementor-swiper-button-next\" role=\"button\" tabindex=\"0\">\n\t\t\t\t\t\t<i aria-hidden=\"true\" class=\"eicon-chevron-right\"><\/i>\t\t\t\t\t<\/div>\n\t\t\t\t\n\t\t\t\t\t\t\t\t\t<div class=\"swiper-pagination\"><\/div>\n\t\t\t\t\t\t\t\t\t<\/div>\n\t\t\t\t\t\t<\/div>\n\t\t\t\t<\/div>\n\t\t\t\t\t<\/div>\n\t\t<\/div>\n\t\t\t\t\t<\/div>\n\t\t<\/section>\n\t\t\t\t<\/div>\n\t\t","protected":false},"excerpt":{"rendered":"<p>V\u1ec0 CH\u00daNG T\u00d4I \u0110\u1eddi s\u1ed1ng hi\u1ec7n \u0111\u1ea1i v\u1edbi r\u1ea5t nhi\u1ec1u ki\u1ec3u trang ph\u1ee5c m\u1edbi, \u0111\u1ed9c \u0111\u00e1o, c\u00e1 t\u00ednh, nh\u1eb9 nh\u00e0ng, th\u1ebf nh\u01b0ng t\u00e0 \u00c1o d\u00e0i v\u1eabn ch\u01b0a bao gi\u1edd m\u1ea5t \u0111i v\u1ecb tr\u00ed c\u1ee7a n\u00f3 trong \u0111\u1eddi s\u1ed1ng t\u00e2m h\u1ed3n c\u1ee7a ng\u01b0\u1eddi Vi\u1ec7t Nam. B\u1edfi n\u00f3 kh\u00f4ng ch\u1ec9 l\u00e0&nbsp;trang ph\u1ee5c truy\u1ec1n th\u1ed1ng&nbsp;m\u00e0 n\u00f3 c\u00f2n l\u00e0 [&hellip;]<\/p>\n","protected":false},"author":1,"featured_media":0,"parent":0,"menu_order":0,"comment_status":"closed","ping_status":"closed","template":"","meta":{"_acf_changed":false,"footnotes":""},"class_list":["post-237","page","type-page","status-publish","hentry"],"acf":[],"_links":{"self":[{"href":"https:\/\/missaodai.net\/index.php?rest_route=\/wp\/v2\/pages\/237","targetHints":{"allow":["GET"]}}],"collection":[{"href":"https:\/\/missaodai.net\/index.php?rest_route=\/wp\/v2\/pages"}],"about":[{"href":"https:\/\/missaodai.net\/index.php?rest_route=\/wp\/v2\/types\/page"}],"author":[{"embeddable":true,"href":"https:\/\/missaodai.net\/index.php?rest_route=\/wp\/v2\/users\/1"}],"replies":[{"embeddable":true,"href":"https:\/\/missaodai.net\/index.php?rest_route=%2Fwp%2Fv2%2Fcomments&post=237"}],"version-history":[{"count":4,"href":"https:\/\/missaodai.net\/index.php?rest_route=\/wp\/v2\/pages\/237\/revisions"}],"predecessor-version":[{"id":4492,"href":"https:\/\/missaodai.net\/index.php?rest_route=\/wp\/v2\/pages\/237\/revisions\/4492"}],"wp:attachment":[{"href":"https:\/\/missaodai.net\/index.php?rest_route=%2Fwp%2Fv2%2Fmedia&parent=237"}],"curies":[{"name":"wp","href":"https:\/\/api.w.org\/{rel}","templated":true}]}}